{"id":35448,"date":"2021-10-21T09:46:53","date_gmt":"2021-10-21T07:46:53","guid":{"rendered":"https:\/\/rogerbasler.ch\/seminars\/"},"modified":"2023-01-18T17:19:18","modified_gmt":"2023-01-18T16:19:18","slug":"seminars","status":"publish","type":"page","link":"https:\/\/rogerbasler.ch\/en\/seminars\/","title":{"rendered":"Seminars"},"content":{"rendered":"\t\t<div data-elementor-type=\"wp-page\" data-elementor-id=\"35448\" class=\"elementor elementor-35448\" data-elementor-post-type=\"page\">\n\t\t\t\t\t\t<section class=\"elementor-section elementor-top-section elementor-element elementor-element-85eb5f7 elementor-section-height-min-height elementor-section-boxed elementor-section-height-default elementor-section-items-middle\" data-id=\"85eb5f7\" data-element_type=\"section\" data-e-type=\"section\" data-settings=\"{&quot;background_background&quot;:&quot;classic&quot;}\">\n\t\t\t\t\t\t\t<div class=\"elementor-background-overlay\"><\/div>\n\t\t\t\t\t\t\t<div class=\"elementor-container elementor-column-gap-default\">\n\t\t\t\t\t<div class=\"elementor-column elementor-col-100 elementor-top-column elementor-element elementor-element-0efb66f\" data-id=\"0efb66f\" data-element_type=\"column\" data-e-type=\"column\">\n\t\t\t<div class=\"elementor-widget-wrap elementor-element-populated\">\n\t\t\t\t\t\t<section class=\"elementor-section elementor-inner-section elementor-element elementor-element-4ba1d57 elementor-section-height-min-height elementor-section-content-top elementor-section-boxed elementor-section-height-default\" data-id=\"4ba1d57\" data-element_type=\"section\" data-e-type=\"section\">\n\t\t\t\t\t\t<div class=\"elementor-container elementor-column-gap-no\">\n\t\t\t\t\t<div class=\"elementor-column elementor-col-100 elementor-inner-column elementor-element elementor-element-be4c141\" data-id=\"be4c141\" data-element_type=\"column\" data-e-type=\"column\" data-settings=\"{&quot;animation&quot;:&quot;none&quot;}\">\n\t\t\t<div class=\"elementor-widget-wrap elementor-element-populated\">\n\t\t\t\t\t\t<div class=\"elementor-element elementor-element-5cfb475 elementor-hidden-desktop elementor-widget elementor-widget-spacer\" data-id=\"5cfb475\" data-element_type=\"widget\" data-e-type=\"widget\" data-widget_type=\"spacer.default\">\n\t\t\t\t\t\t\t<div class=\"elementor-spacer\">\n\t\t\t<div class=\"elementor-spacer-inner\"><\/div>\n\t\t<\/div>\n\t\t\t\t\t\t<\/div>\n\t\t\t\t<div class=\"elementor-element elementor-element-69ac0d1 elementor-widget elementor-widget-spacer\" data-id=\"69ac0d1\" data-element_type=\"widget\" data-e-type=\"widget\" data-widget_type=\"spacer.default\">\n\t\t\t\t\t\t\t<div class=\"elementor-spacer\">\n\t\t\t<div class=\"elementor-spacer-inner\"><\/div>\n\t\t<\/div>\n\t\t\t\t\t\t<\/div>\n\t\t\t\t<div class=\"elementor-element elementor-element-de6ebfd animated-slow elementor-widget elementor-widget-heading\" data-id=\"de6ebfd\" data-element_type=\"widget\" data-e-type=\"widget\" data-settings=\"{&quot;_animation&quot;:&quot;none&quot;,&quot;_animation_delay&quot;:600}\" data-widget_type=\"heading.default\">\n\t\t\t\t\t<h2 class=\"elementor-heading-title elementor-size-default\">Beratung &amp; Coaching<\/h2>\t\t\t\t<\/div>\n\t\t\t\t<div class=\"elementor-element elementor-element-0bda7b7 elementor-widget elementor-widget-spacer\" data-id=\"0bda7b7\" data-element_type=\"widget\" data-e-type=\"widget\" data-widget_type=\"spacer.default\">\n\t\t\t\t\t\t\t<div class=\"elementor-spacer\">\n\t\t\t<div class=\"elementor-spacer-inner\"><\/div>\n\t\t<\/div>\n\t\t\t\t\t\t<\/div>\n\t\t\t\t<div class=\"elementor-element elementor-element-23b581e elementor-widget-divider--view-line elementor-invisible elementor-widget elementor-widget-divider\" data-id=\"23b581e\" data-element_type=\"widget\" data-e-type=\"widget\" data-settings=\"{&quot;_animation&quot;:&quot;fadeInLeft&quot;}\" data-widget_type=\"divider.default\">\n\t\t\t\t\t\t\t<div class=\"elementor-divider\">\n\t\t\t<span class=\"elementor-divider-separator\">\n\t\t\t\t\t\t<\/span>\n\t\t<\/div>\n\t\t\t\t\t\t<\/div>\n\t\t\t\t<div class=\"elementor-element elementor-element-fc2fc9a elementor-hidden-desktop elementor-widget elementor-widget-spacer\" data-id=\"fc2fc9a\" data-element_type=\"widget\" data-e-type=\"widget\" data-widget_type=\"spacer.default\">\n\t\t\t\t\t\t\t<div class=\"elementor-spacer\">\n\t\t\t<div class=\"elementor-spacer-inner\"><\/div>\n\t\t<\/div>\n\t\t\t\t\t\t<\/div>\n\t\t\t\t<div class=\"elementor-element elementor-element-01bc3bb elementor-hidden-mobile elementor-widget elementor-widget-spacer\" data-id=\"01bc3bb\" data-element_type=\"widget\" data-e-type=\"widget\" data-widget_type=\"spacer.default\">\n\t\t\t\t\t\t\t<div class=\"elementor-spacer\">\n\t\t\t<div class=\"elementor-spacer-inner\"><\/div>\n\t\t<\/div>\n\t\t\t\t\t\t<\/div>\n\t\t\t\t<div class=\"elementor-element elementor-element-00f887f animated-fast elementor-widget elementor-widget-heading\" data-id=\"00f887f\" data-element_type=\"widget\" data-e-type=\"widget\" data-settings=\"{&quot;_animation&quot;:&quot;none&quot;,&quot;_animation_delay&quot;:600}\" data-widget_type=\"heading.default\">\n\t\t\t\t\t<h1 class=\"elementor-heading-title elementor-size-default\">Seminars<\/h1>\t\t\t\t<\/div>\n\t\t\t\t<div class=\"elementor-element elementor-element-0569c20 elementor-hidden-mobile elementor-widget elementor-widget-spacer\" data-id=\"0569c20\" data-element_type=\"widget\" data-e-type=\"widget\" data-widget_type=\"spacer.default\">\n\t\t\t\t\t\t\t<div class=\"elementor-spacer\">\n\t\t\t<div class=\"elementor-spacer-inner\"><\/div>\n\t\t<\/div>\n\t\t\t\t\t\t<\/div>\n\t\t\t\t<div class=\"elementor-element elementor-element-3387446 elementor-widget elementor-widget-spacer\" data-id=\"3387446\" data-element_type=\"widget\" data-e-type=\"widget\" data-widget_type=\"spacer.default\">\n\t\t\t\t\t\t\t<div class=\"elementor-spacer\">\n\t\t\t<div class=\"elementor-spacer-inner\"><\/div>\n\t\t<\/div>\n\t\t\t\t\t\t<\/div>\n\t\t\t\t<div class=\"elementor-element elementor-element-d908cfd elementor-hidden-tablet elementor-widget elementor-widget-spacer\" data-id=\"d908cfd\" data-element_type=\"widget\" data-e-type=\"widget\" data-widget_type=\"spacer.default\">\n\t\t\t\t\t\t\t<div class=\"elementor-spacer\">\n\t\t\t<div class=\"elementor-spacer-inner\"><\/div>\n\t\t<\/div>\n\t\t\t\t\t\t<\/div>\n\t\t\t\t\t<\/div>\n\t\t<\/div>\n\t\t\t\t\t<\/div>\n\t\t<\/section>\n\t\t\t\t\t<\/div>\n\t\t<\/div>\n\t\t\t\t\t<\/div>\n\t\t<\/section>\n\t\t\t\t<section class=\"elementor-section elementor-top-section elementor-element elementor-element-65fc8821 elementor-section-height-min-height elementor-section-items-top elementor-section-full_width elementor-section-height-default\" data-id=\"65fc8821\" data-element_type=\"section\" data-e-type=\"section\" data-settings=\"{&quot;background_background&quot;:&quot;classic&quot;}\">\n\t\t\t\t\t\t\t<div class=\"elementor-background-overlay\"><\/div>\n\t\t\t\t\t\t\t<div class=\"elementor-container elementor-column-gap-no\">\n\t\t\t\t\t<div class=\"elementor-column elementor-col-100 elementor-top-column elementor-element elementor-element-76ba3dbd\" data-id=\"76ba3dbd\" data-element_type=\"column\" data-e-type=\"column\">\n\t\t\t<div class=\"elementor-widget-wrap elementor-element-populated\">\n\t\t\t\t\t\t<div class=\"elementor-element elementor-element-71528a1f elementor-widget elementor-widget-spacer\" data-id=\"71528a1f\" data-element_type=\"widget\" data-e-type=\"widget\" data-widget_type=\"spacer.default\">\n\t\t\t\t\t\t\t<div class=\"elementor-spacer\">\n\t\t\t<div class=\"elementor-spacer-inner\"><\/div>\n\t\t<\/div>\n\t\t\t\t\t\t<\/div>\n\t\t\t\t<section class=\"elementor-section elementor-inner-section elementor-element elementor-element-79444cb8 elementor-section-boxed elementor-section-height-default elementor-section-height-default\" data-id=\"79444cb8\" data-element_type=\"section\" data-e-type=\"section\">\n\t\t\t\t\t\t<div class=\"elementor-container elementor-column-gap-no\">\n\t\t\t\t\t<div class=\"elementor-column elementor-col-50 elementor-inner-column elementor-element elementor-element-742e348\" data-id=\"742e348\" data-element_type=\"column\" data-e-type=\"column\" data-settings=\"{&quot;background_background&quot;:&quot;classic&quot;,&quot;animation&quot;:&quot;none&quot;}\">\n\t\t\t<div class=\"elementor-widget-wrap elementor-element-populated\">\n\t\t\t\t\t<div class=\"elementor-background-overlay\"><\/div>\n\t\t\t\t\t\t<div class=\"elementor-element elementor-element-517bb1ee elementor-widget-divider--view-line elementor-widget elementor-widget-divider\" data-id=\"517bb1ee\" data-element_type=\"widget\" data-e-type=\"widget\" data-settings=\"{&quot;_animation&quot;:&quot;none&quot;}\" data-widget_type=\"divider.default\">\n\t\t\t\t\t\t\t<div class=\"elementor-divider\">\n\t\t\t<span class=\"elementor-divider-separator\">\n\t\t\t\t\t\t<\/span>\n\t\t<\/div>\n\t\t\t\t\t\t<\/div>\n\t\t\t\t<div class=\"elementor-element elementor-element-4f85f7cf animated-slow elementor-hidden-tablet elementor-hidden-mobile elementor-widget elementor-widget-heading\" data-id=\"4f85f7cf\" data-element_type=\"widget\" data-e-type=\"widget\" data-settings=\"{&quot;_animation&quot;:&quot;none&quot;,&quot;_animation_delay&quot;:600}\" data-widget_type=\"heading.default\">\n\t\t\t\t\t<h2 class=\"elementor-heading-title elementor-size-default\">Digital Selling Program<\/h2>\t\t\t\t<\/div>\n\t\t\t\t\t<\/div>\n\t\t<\/div>\n\t\t\t\t<div class=\"elementor-column elementor-col-50 elementor-inner-column elementor-element elementor-element-38a4820\" data-id=\"38a4820\" data-element_type=\"column\" data-e-type=\"column\" data-settings=\"{&quot;animation&quot;:&quot;none&quot;,&quot;background_background&quot;:&quot;gradient&quot;}\">\n\t\t\t<div class=\"elementor-widget-wrap elementor-element-populated\">\n\t\t\t\t\t<div class=\"elementor-background-overlay\"><\/div>\n\t\t\t\t\t\t<div class=\"elementor-element elementor-element-15547698 elementor-hidden-tablet elementor-hidden-mobile elementor-widget elementor-widget-spacer\" data-id=\"15547698\" data-element_type=\"widget\" data-e-type=\"widget\" data-widget_type=\"spacer.default\">\n\t\t\t\t\t\t\t<div class=\"elementor-spacer\">\n\t\t\t<div class=\"elementor-spacer-inner\"><\/div>\n\t\t<\/div>\n\t\t\t\t\t\t<\/div>\n\t\t\t\t<div class=\"elementor-element elementor-element-725e5e89 animated-slow elementor-widget elementor-widget-heading\" data-id=\"725e5e89\" data-element_type=\"widget\" data-e-type=\"widget\" data-settings=\"{&quot;_animation&quot;:&quot;none&quot;,&quot;_animation_delay&quot;:600}\" data-widget_type=\"heading.default\">\n\t\t\t\t\t<h2 class=\"elementor-heading-title elementor-size-default\">EINE SERIE VON WEBINAREN UND LIVE Q&amp;A<\/h2>\t\t\t\t<\/div>\n\t\t\t\t<div class=\"elementor-element elementor-element-19e894b6 elementor-widget elementor-widget-text-editor\" data-id=\"19e894b6\" data-element_type=\"widget\" data-e-type=\"widget\" data-settings=\"{&quot;_animation&quot;:&quot;none&quot;}\" data-widget_type=\"text-editor.default\">\n\t\t\t\t\t\t\t\t\tIn unseren Webinaren lernen Sie die gesamte Palette von Digital Selling kennen. Wussten Sie, dass rund 90 % der erfolgreichen Unternehmen Digital Selling nutzen, um sich mit Interessenten zu verbinden und Leads zu f\u00f6rdern. In den sozialen Medien verbringen viele von uns die meiste Zeit. Die Erfolge zu messen, heisst auch, zu verstehen, wie es geht.\r\n\r\nDamit aus diesen Verbindungen Leads und aus den Leads schliesslich Verk\u00e4ufe werden, ist eine individuell auf die Unternehmensziele abgestimmte Strategie notwendig. Um den Erfolg der Social Selling Strategie sicherzustellen, m\u00fcssen Unternehmen messen, was funktioniert und was nicht.\r\n\r\n\r\nViele meinen Online-Marketing sei vor allem Digitales Marketing und sie verstehen die Grundidee nicht. Die Statistik zeigt, dass 57 Prozent der befragten Marketer lediglich die Reichweite ihrer Kampagnen messen, 55 Prozent pr\u00fcfen ausserdem die Auswirkungen auf die Brand Awareness. Nur ein Drittel (33 Prozent) erfasst Verk\u00e4ufe, die entweder direkt oder indirekt aus den Aktivit\u00e4ten der Influencer resultieren. Auch den generierten Webseiten-Traffic messen lediglich 32 Prozent.\r\n\r\n\r\nDigital Selling ist eine Marketing-Sales-Strategie, die innerhalb relativ kurzer Zeit zu einem wirksamen Instrument f\u00fcr den Aufbau und die Entwicklung von Gesch\u00e4ftsbeziehungen geworden ist. Erfahren Sie mehr in unseren Webinaren.\t\t\t\t\t\t\t\t<\/div>\n\t\t\t\t<div class=\"elementor-element elementor-element-3b2b601 elementor-hidden-mobile elementor-widget elementor-widget-spacer\" data-id=\"3b2b601\" data-element_type=\"widget\" data-e-type=\"widget\" data-widget_type=\"spacer.default\">\n\t\t\t\t\t\t\t<div class=\"elementor-spacer\">\n\t\t\t<div class=\"elementor-spacer-inner\"><\/div>\n\t\t<\/div>\n\t\t\t\t\t\t<\/div>\n\t\t\t\t<div class=\"elementor-element elementor-element-a61fb5c elementor-widget elementor-widget-spacer\" data-id=\"a61fb5c\" data-element_type=\"widget\" data-e-type=\"widget\" data-widget_type=\"spacer.default\">\n\t\t\t\t\t\t\t<div class=\"elementor-spacer\">\n\t\t\t<div class=\"elementor-spacer-inner\"><\/div>\n\t\t<\/div>\n\t\t\t\t\t\t<\/div>\n\t\t\t\t<div class=\"elementor-element elementor-element-880b088 elementor-widget__width-auto elementor-widget-tablet__width-inherit elementor-widget elementor-widget-button\" data-id=\"880b088\" data-element_type=\"widget\" data-e-type=\"widget\" data-widget_type=\"button.default\">\n\t\t\t\t\t\t\t\t\t\t<a class=\"elementor-button elementor-button-link elementor-size-sm\" href=\"https:\/\/analyticsagentur.clickmeeting.com\" target=\"_blank\">\n\t\t\t\t\t\t<span class=\"elementor-button-content-wrapper\">\n\t\t\t\t\t\t\t\t\t<span class=\"elementor-button-text\">Jetzt Digital Selling Program Buchen<\/span>\n\t\t\t\t\t<\/span>\n\t\t\t\t\t<\/a>\n\t\t\t\t\t\t\t\t<\/div>\n\t\t\t\t<div class=\"elementor-element elementor-element-12f00224 elementor-widget elementor-widget-spacer\" data-id=\"12f00224\" data-element_type=\"widget\" data-e-type=\"widget\" data-widget_type=\"spacer.default\">\n\t\t\t\t\t\t\t<div class=\"elementor-spacer\">\n\t\t\t<div class=\"elementor-spacer-inner\"><\/div>\n\t\t<\/div>\n\t\t\t\t\t\t<\/div>\n\t\t\t\t\t<\/div>\n\t\t<\/div>\n\t\t\t\t\t<\/div>\n\t\t<\/section>\n\t\t\t\t\t<\/div>\n\t\t<\/div>\n\t\t\t\t\t<\/div>\n\t\t<\/section>\n\t\t\t\t<\/div>\n\t\t","protected":false},"excerpt":{"rendered":"<p>Beratung &#038; Coaching Seminars Digital Selling Program EINE SERIE VON WEBINAREN UND LIVE Q&#038;A In unseren Webinaren lernen Sie die gesamte Palette von Digital Selling kennen. Wussten Sie, dass rund 90 % der erfolgreichen Unternehmen Digital Selling nutzen, um sich mit Interessenten zu verbinden und Leads zu f\u00f6rdern. In den sozialen Medien verbringen viele von [&hellip;]<\/p>\n","protected":false},"author":1,"featured_media":0,"parent":0,"menu_order":0,"comment_status":"closed","ping_status":"closed","template":"","meta":{"_acf_changed":false,"_metis_text_type":"","_metis_text_length":0,"_post_count":0,"footnotes":""},"class_list":["post-35448","page","type-page","status-publish","hentry"],"acf":[],"yoast_head":"<!-- This site is optimized with the Yoast SEO plugin v27.3 - https:\/\/yoast.com\/product\/yoast-seo-wordpress\/ -->\n<title>Seminars - RBR - Digital Business Architekt<\/title>\n<meta name=\"description\" content=\"Digital Selling = Marketing-Sales-Strategie, die in kurzer Zeit zu einem Instrument f\u00fcr Aufbau &amp; Entwicklung von Gesch\u00e4ftsbeziehungen ist.\" \/>\n<meta name=\"robots\" content=\"index, follow, max-snippet:-1, max-image-preview:large, max-video-preview:-1\" \/>\n<link rel=\"canonical\" href=\"https:\/\/rogerbasler.ch\/digital-selling-program\/\" \/>\n<meta property=\"og:locale\" content=\"en_US\" \/>\n<meta property=\"og:type\" content=\"article\" \/>\n<meta property=\"og:title\" content=\"Seminars - RBR - Digital Business Architekt\" \/>\n<meta property=\"og:description\" content=\"Digital Selling = Marketing-Sales-Strategie, die in kurzer Zeit zu einem Instrument f\u00fcr Aufbau &amp; Entwicklung von Gesch\u00e4ftsbeziehungen ist.\" \/>\n<meta property=\"og:url\" content=\"https:\/\/rogerbasler.ch\/digital-selling-program\/\" \/>\n<meta property=\"og:site_name\" content=\"RBR - Digital Business Architekt\" \/>\n<meta property=\"article:publisher\" content=\"https:\/\/www.facebook.com\/rogerbaslerderoca\" \/>\n<meta property=\"article:modified_time\" content=\"2023-01-18T16:19:18+00:00\" \/>\n<meta name=\"twitter:card\" content=\"summary_large_image\" \/>\n<meta name=\"twitter:site\" content=\"@Rogerbasler\" \/>\n<meta name=\"twitter:label1\" content=\"Est. reading time\" \/>\n\t<meta name=\"twitter:data1\" content=\"1 minute\" \/>\n<!-- \/ Yoast SEO plugin. -->","yoast_head_json":{"title":"Seminars - RBR - Digital Business Architekt","description":"Digital Selling = Marketing-Sales-Strategie, die in kurzer Zeit zu einem Instrument f\u00fcr Aufbau & Entwicklung von Gesch\u00e4ftsbeziehungen ist.","robots":{"index":"index","follow":"follow","max-snippet":"max-snippet:-1","max-image-preview":"max-image-preview:large","max-video-preview":"max-video-preview:-1"},"canonical":"https:\/\/rogerbasler.ch\/digital-selling-program\/","og_locale":"en_US","og_type":"article","og_title":"Seminars - RBR - Digital Business Architekt","og_description":"Digital Selling = Marketing-Sales-Strategie, die in kurzer Zeit zu einem Instrument f\u00fcr Aufbau & Entwicklung von Gesch\u00e4ftsbeziehungen ist.","og_url":"https:\/\/rogerbasler.ch\/digital-selling-program\/","og_site_name":"RBR - Digital Business Architekt","article_publisher":"https:\/\/www.facebook.com\/rogerbaslerderoca","article_modified_time":"2023-01-18T16:19:18+00:00","twitter_card":"summary_large_image","twitter_site":"@Rogerbasler","twitter_misc":{"Est. reading time":"1 minute"},"schema":{"@context":"https:\/\/schema.org","@graph":[{"@type":"WebPage","@id":"https:\/\/rogerbasler.ch\/digital-selling-program\/","url":"https:\/\/rogerbasler.ch\/digital-selling-program\/","name":"Seminars - RBR - Digital Business Architekt","isPartOf":{"@id":"https:\/\/rogerbasler.ch\/#website"},"datePublished":"2021-10-21T07:46:53+00:00","dateModified":"2023-01-18T16:19:18+00:00","description":"Digital Selling = Marketing-Sales-Strategie, die in kurzer Zeit zu einem Instrument f\u00fcr Aufbau & Entwicklung von Gesch\u00e4ftsbeziehungen ist.","breadcrumb":{"@id":"https:\/\/rogerbasler.ch\/digital-selling-program\/#breadcrumb"},"inLanguage":"en-US","potentialAction":[{"@type":"ReadAction","target":["https:\/\/rogerbasler.ch\/digital-selling-program\/"]}]},{"@type":"BreadcrumbList","@id":"https:\/\/rogerbasler.ch\/digital-selling-program\/#breadcrumb","itemListElement":[{"@type":"ListItem","position":1,"name":"Home","item":"https:\/\/rogerbasler.ch\/"},{"@type":"ListItem","position":2,"name":"Seminars"}]},{"@type":"WebSite","@id":"https:\/\/rogerbasler.ch\/#website","url":"https:\/\/rogerbasler.ch\/","name":"RBR - Digital Business Architekt","description":"RBR","publisher":{"@id":"https:\/\/rogerbasler.ch\/#organization"},"potentialAction":[{"@type":"SearchAction","target":{"@type":"EntryPoint","urlTemplate":"https:\/\/rogerbasler.ch\/?s={search_term_string}"},"query-input":{"@type":"PropertyValueSpecification","valueRequired":true,"valueName":"search_term_string"}}],"inLanguage":"en-US"},{"@type":"Organization","@id":"https:\/\/rogerbasler.ch\/#organization","name":"Roger Basler de Roca | Digital business models | Mr LinkedIn","url":"https:\/\/rogerbasler.ch\/","logo":{"@type":"ImageObject","inLanguage":"en-US","@id":"https:\/\/rogerbasler.ch\/#\/schema\/logo\/image\/","url":"https:\/\/rogerbasler.ch\/wp-content\/uploads\/2022\/06\/rbr7.png","contentUrl":"https:\/\/rogerbasler.ch\/wp-content\/uploads\/2022\/06\/rbr7.png","width":800,"height":600,"caption":"Roger Basler de Roca | Digital business models | Mr LinkedIn"},"image":{"@id":"https:\/\/rogerbasler.ch\/#\/schema\/logo\/image\/"},"sameAs":["https:\/\/www.facebook.com\/rogerbaslerderoca","https:\/\/x.com\/Rogerbasler","https:\/\/www.linkedin.com\/in\/rogerbasler?original_referer=httpsrogerbasler.ch","https:\/\/instagram.com\/rogerlroca","https:\/\/tiktok.com\/@mrlinkedin","https:\/\/open.spotify.com\/show\/0iBVOd5eiwiURmdKDEdLcp"]}]}},"_links":{"self":[{"href":"https:\/\/rogerbasler.ch\/en\/wp-json\/wp\/v2\/pages\/35448","targetHints":{"allow":["GET"]}}],"collection":[{"href":"https:\/\/rogerbasler.ch\/en\/wp-json\/wp\/v2\/pages"}],"about":[{"href":"https:\/\/rogerbasler.ch\/en\/wp-json\/wp\/v2\/types\/page"}],"author":[{"embeddable":true,"href":"https:\/\/rogerbasler.ch\/en\/wp-json\/wp\/v2\/users\/1"}],"replies":[{"embeddable":true,"href":"https:\/\/rogerbasler.ch\/en\/wp-json\/wp\/v2\/comments?post=35448"}],"version-history":[{"count":1,"href":"https:\/\/rogerbasler.ch\/en\/wp-json\/wp\/v2\/pages\/35448\/revisions"}],"predecessor-version":[{"id":35449,"href":"https:\/\/rogerbasler.ch\/en\/wp-json\/wp\/v2\/pages\/35448\/revisions\/35449"}],"wp:attachment":[{"href":"https:\/\/rogerbasler.ch\/en\/wp-json\/wp\/v2\/media?parent=35448"}],"curies":[{"name":"wp","href":"https:\/\/api.w.org\/{rel}","templated":true}]}}