{"id":35422,"date":"2021-11-08T10:45:23","date_gmt":"2021-11-08T09:45:23","guid":{"rendered":"https:\/\/rogerbasler.ch\/imprint\/"},"modified":"2023-01-18T17:13:37","modified_gmt":"2023-01-18T16:13:37","slug":"imprint","status":"publish","type":"page","link":"https:\/\/rogerbasler.ch\/en\/imprint\/","title":{"rendered":"Imprint"},"content":{"rendered":"\t\t<div data-elementor-type=\"wp-page\" data-elementor-id=\"35422\" class=\"elementor elementor-35422 elementor-33463\" data-elementor-post-type=\"page\">\n\t\t\t\t\t\t<section class=\"elementor-section elementor-top-section elementor-element elementor-element-f816c38 elementor-section-items-top elementor-section-height-min-height elementor-section-boxed elementor-section-height-default\" data-id=\"f816c38\" data-element_type=\"section\" data-e-type=\"section\" data-settings=\"{&quot;background_background&quot;:&quot;classic&quot;}\">\n\t\t\t\t\t\t\t<div class=\"elementor-background-overlay\"><\/div>\n\t\t\t\t\t\t\t<div class=\"elementor-container elementor-column-gap-no\">\n\t\t\t\t\t<div class=\"elementor-column elementor-col-100 elementor-top-column elementor-element elementor-element-63a8f86\" data-id=\"63a8f86\" data-element_type=\"column\" data-e-type=\"column\">\n\t\t\t<div class=\"elementor-widget-wrap elementor-element-populated\">\n\t\t\t\t\t\t<section class=\"elementor-section elementor-inner-section elementor-element elementor-element-17c7631 elementor-section-height-min-height elementor-section-content-top elementor-section-boxed elementor-section-height-default\" data-id=\"17c7631\" data-element_type=\"section\" data-e-type=\"section\">\n\t\t\t\t\t\t<div class=\"elementor-container elementor-column-gap-no\">\n\t\t\t\t\t<div class=\"elementor-column elementor-col-100 elementor-inner-column elementor-element elementor-element-3edece9\" data-id=\"3edece9\" data-element_type=\"column\" data-e-type=\"column\" data-settings=\"{&quot;animation&quot;:&quot;none&quot;}\">\n\t\t\t<div class=\"elementor-widget-wrap elementor-element-populated\">\n\t\t\t\t\t\t<div class=\"elementor-element elementor-element-ecbc598 elementor-hidden-desktop elementor-hidden-tablet elementor-widget elementor-widget-spacer\" data-id=\"ecbc598\" data-element_type=\"widget\" data-e-type=\"widget\" data-widget_type=\"spacer.default\">\n\t\t\t\t\t\t\t<div class=\"elementor-spacer\">\n\t\t\t<div class=\"elementor-spacer-inner\"><\/div>\n\t\t<\/div>\n\t\t\t\t\t\t<\/div>\n\t\t\t\t<div class=\"elementor-element elementor-element-6225ff6 elementor-widget elementor-widget-spacer\" data-id=\"6225ff6\" data-element_type=\"widget\" data-e-type=\"widget\" data-widget_type=\"spacer.default\">\n\t\t\t\t\t\t\t<div class=\"elementor-spacer\">\n\t\t\t<div class=\"elementor-spacer-inner\"><\/div>\n\t\t<\/div>\n\t\t\t\t\t\t<\/div>\n\t\t\t\t<div class=\"elementor-element elementor-element-a860d04 elementor-widget-divider--view-line elementor-invisible elementor-widget elementor-widget-divider\" data-id=\"a860d04\" data-element_type=\"widget\" data-e-type=\"widget\" data-settings=\"{&quot;_animation&quot;:&quot;fadeInLeft&quot;}\" data-widget_type=\"divider.default\">\n\t\t\t\t\t\t\t<div class=\"elementor-divider\">\n\t\t\t<span class=\"elementor-divider-separator\">\n\t\t\t\t\t\t<\/span>\n\t\t<\/div>\n\t\t\t\t\t\t<\/div>\n\t\t\t\t<div class=\"elementor-element elementor-element-270ea9d elementor-hidden-mobile elementor-widget elementor-widget-spacer\" data-id=\"270ea9d\" data-element_type=\"widget\" data-e-type=\"widget\" data-widget_type=\"spacer.default\">\n\t\t\t\t\t\t\t<div class=\"elementor-spacer\">\n\t\t\t<div class=\"elementor-spacer-inner\"><\/div>\n\t\t<\/div>\n\t\t\t\t\t\t<\/div>\n\t\t\t\t<div class=\"elementor-element elementor-element-37b4f37 animated-fast elementor-widget elementor-widget-heading\" data-id=\"37b4f37\" data-element_type=\"widget\" data-e-type=\"widget\" data-settings=\"{&quot;_animation&quot;:&quot;none&quot;,&quot;_animation_delay&quot;:600}\" data-widget_type=\"heading.default\">\n\t\t\t\t\t<h2 class=\"elementor-heading-title elementor-size-default\">Imprint<\/h2>\t\t\t\t<\/div>\n\t\t\t\t<div class=\"elementor-element elementor-element-753c9cc elementor-widget elementor-widget-text-editor\" data-id=\"753c9cc\" data-element_type=\"widget\" data-e-type=\"widget\" data-widget_type=\"text-editor.default\">\n\t\t\t\t\t\t\t\t\t<p>Alles was Recht ist<\/p>\n\t\t\t\t\t\t\t\t<\/div>\n\t\t\t\t<div class=\"elementor-element elementor-element-31a926e elementor-widget elementor-widget-spacer\" data-id=\"31a926e\" data-element_type=\"widget\" data-e-type=\"widget\" data-widget_type=\"spacer.default\">\n\t\t\t\t\t\t\t<div class=\"elementor-spacer\">\n\t\t\t<div class=\"elementor-spacer-inner\"><\/div>\n\t\t<\/div>\n\t\t\t\t\t\t<\/div>\n\t\t\t\t<div class=\"elementor-element elementor-element-789f807 elementor-widget elementor-widget-spacer\" data-id=\"789f807\" data-element_type=\"widget\" data-e-type=\"widget\" data-widget_type=\"spacer.default\">\n\t\t\t\t\t\t\t<div class=\"elementor-spacer\">\n\t\t\t<div class=\"elementor-spacer-inner\"><\/div>\n\t\t<\/div>\n\t\t\t\t\t\t<\/div>\n\t\t\t\t\t<\/div>\n\t\t<\/div>\n\t\t\t\t\t<\/div>\n\t\t<\/section>\n\t\t\t\t\t<\/div>\n\t\t<\/div>\n\t\t\t\t\t<\/div>\n\t\t<\/section>\n\t\t\t\t<section class=\"elementor-section elementor-top-section elementor-element elementor-element-90c21a0 elementor-section-boxed elementor-section-height-default elementor-section-height-default\" data-id=\"90c21a0\" data-element_type=\"section\" data-e-type=\"section\" data-settings=\"{&quot;background_background&quot;:&quot;classic&quot;}\">\n\t\t\t\t\t\t\t<div class=\"elementor-background-overlay\"><\/div>\n\t\t\t\t\t\t\t<div class=\"elementor-container elementor-column-gap-no\">\n\t\t\t\t\t<div class=\"elementor-column elementor-col-100 elementor-top-column elementor-element elementor-element-313192c\" data-id=\"313192c\" data-element_type=\"column\" data-e-type=\"column\">\n\t\t\t<div class=\"elementor-widget-wrap elementor-element-populated\">\n\t\t\t\t\t\t<div class=\"elementor-element elementor-element-dc84f2f elementor-widget elementor-widget-text-editor\" data-id=\"dc84f2f\" data-element_type=\"widget\" data-e-type=\"widget\" data-widget_type=\"text-editor.default\">\n\t\t\t\t\t\t\t\t\t<p><strong><i>Kontakt-Adresse<\/i><\/strong><\/p>\n<p>Roger Basler Speaker<br \/>\nRoger Basler<br \/>\nKlosterstrasse 34<br \/>\n8406 Winterthur<br \/>\nSchweiz<\/p>\n<p>E-Mail:<br \/>\nmail@reogerbasler.ch<\/p>\n<p><strong><i>Vertretungsberechtigte Person(en)<\/i><\/strong><\/p>\n<p>Roger Basler<\/p>\n<p><strong><i>Haftungsausschluss<\/i><\/strong><\/p>\n<p>Der Autor \u00fcbernimmt keinerlei Gew\u00e4hr hinsichtlich der inhaltlichen Richtigkeit, Genauigkeit, Aktualit\u00e4t, Zuverl\u00e4ssigkeit und Vollst\u00e4ndigkeit der Informationen.<\/p>\n<p>Haftungsanspr\u00fcche gegen den Autor wegen Sch\u00e4den materieller oder immaterieller Art, welche aus dem Zugriff oder der Nutzung bzw. Nichtnutzung der ver\u00f6ffentlichten Informationen, durch Missbrauch der Verbindung oder durch technische St\u00f6rungen entstanden sind, werden ausgeschlossen.<\/p>\n<p>Alle Angebote sind unverbindlich. Der Autor beh\u00e4lt es sich ausdr\u00fccklich vor, Teile der Seiten oder das gesamte Angebot ohne besondere Ank\u00fcndigung zu ver\u00e4ndern, zu erg\u00e4nzen, zu l\u00f6schen oder die Ver\u00f6ffentlichung zeitweise oder endg\u00fcltig einzustellen.<\/p>\n<p><strong><i>Haftungsausschluss f\u00fcr Links<\/i><\/strong><\/p>\n<p>Verweise und Links auf Webseiten Dritter liegen ausserhalb unseres Verantwortungsbereichs. Es wird jegliche Verantwortung f\u00fcr solche Webseiten abgelehnt. Der Zugriff und die Nutzung solcher Webseiten erfolgen auf eigene Gefahr des jeweiligen Nutzers.<\/p>\n<p><strong><i>Urheberrechte<\/i><\/strong><\/p>\n<p>Die Urheber- und alle anderen Rechte an Inhalten, Bildern, Fotos oder anderen Dateien auf dieser Website, geh\u00f6ren ausschliesslich <strong>Roger Basler<\/strong> oder den speziell genannten Rechteinhabern. F\u00fcr die Reproduktion jeglicher Elemente ist die schriftliche Zustimmung des Urheberrechtstr\u00e4gers im Voraus einzuholen.<\/p>\n<p>Quelle: <a href=\"https:\/\/www.swissanwalt.ch\" target=\"_blank\" rel=\"noopener\">SwissAnwalt<\/a><\/p>\n\t\t\t\t\t\t\t\t<\/div>\n\t\t\t\t\t<\/div>\n\t\t<\/div>\n\t\t\t\t\t<\/div>\n\t\t<\/section>\n\t\t\t\t<\/div>\n\t\t","protected":false},"excerpt":{"rendered":"<p>Imprint Alles was Recht ist Kontakt-Adresse Roger Basler Speaker Roger Basler Klosterstrasse 34 8406 Winterthur Schweiz E-Mail: mail@reogerbasler.ch Vertretungsberechtigte Person(en) Roger Basler Haftungsausschluss Der Autor \u00fcbernimmt keinerlei Gew\u00e4hr hinsichtlich der inhaltlichen Richtigkeit, Genauigkeit, Aktualit\u00e4t, Zuverl\u00e4ssigkeit und Vollst\u00e4ndigkeit der Informationen. Haftungsanspr\u00fcche gegen den Autor wegen Sch\u00e4den materieller oder immaterieller Art, welche aus dem Zugriff oder der [&hellip;]<\/p>\n","protected":false},"author":1,"featured_media":0,"parent":0,"menu_order":0,"comment_status":"closed","ping_status":"closed","template":"","meta":{"_acf_changed":false,"_metis_text_type":"","_metis_text_length":0,"_post_count":0,"footnotes":""},"class_list":["post-35422","page","type-page","status-publish","hentry"],"acf":[],"yoast_head":"<!-- This site is optimized with the Yoast SEO plugin v27.3 - https:\/\/yoast.com\/product\/yoast-seo-wordpress\/ -->\n<title>Imprint - RBR - Digital Business Architekt<\/title>\n<meta name=\"robots\" content=\"noindex, nofollow\" \/>\n<meta property=\"og:locale\" content=\"en_US\" \/>\n<meta property=\"og:type\" content=\"article\" \/>\n<meta property=\"og:title\" content=\"Imprint - RBR - Digital Business Architekt\" \/>\n<meta property=\"og:description\" content=\"Imprint Alles was Recht ist Kontakt-Adresse Roger Basler Speaker Roger Basler Klosterstrasse 34 8406 Winterthur Schweiz E-Mail: mail@reogerbasler.ch Vertretungsberechtigte Person(en) Roger Basler Haftungsausschluss Der Autor \u00fcbernimmt keinerlei Gew\u00e4hr hinsichtlich der inhaltlichen Richtigkeit, Genauigkeit, Aktualit\u00e4t, Zuverl\u00e4ssigkeit und Vollst\u00e4ndigkeit der Informationen. Haftungsanspr\u00fcche gegen den Autor wegen Sch\u00e4den materieller oder immaterieller Art, welche aus dem Zugriff oder der [&hellip;]\" \/>\n<meta property=\"og:url\" content=\"https:\/\/rogerbasler.ch\/impressum\/\" \/>\n<meta property=\"og:site_name\" content=\"RBR - Digital Business Architekt\" \/>\n<meta property=\"article:publisher\" content=\"https:\/\/www.facebook.com\/rogerbaslerderoca\" \/>\n<meta property=\"article:modified_time\" content=\"2023-01-18T16:13:37+00:00\" \/>\n<meta name=\"twitter:card\" content=\"summary_large_image\" \/>\n<meta name=\"twitter:site\" content=\"@Rogerbasler\" \/>\n<meta name=\"twitter:label1\" content=\"Est. reading time\" \/>\n\t<meta name=\"twitter:data1\" content=\"1 minute\" \/>\n<!-- \/ Yoast SEO plugin. -->","yoast_head_json":{"title":"Imprint - RBR - Digital Business Architekt","robots":{"index":"noindex","follow":"nofollow"},"og_locale":"en_US","og_type":"article","og_title":"Imprint - RBR - Digital Business Architekt","og_description":"Imprint Alles was Recht ist Kontakt-Adresse Roger Basler Speaker Roger Basler Klosterstrasse 34 8406 Winterthur Schweiz E-Mail: mail@reogerbasler.ch Vertretungsberechtigte Person(en) Roger Basler Haftungsausschluss Der Autor \u00fcbernimmt keinerlei Gew\u00e4hr hinsichtlich der inhaltlichen Richtigkeit, Genauigkeit, Aktualit\u00e4t, Zuverl\u00e4ssigkeit und Vollst\u00e4ndigkeit der Informationen. Haftungsanspr\u00fcche gegen den Autor wegen Sch\u00e4den materieller oder immaterieller Art, welche aus dem Zugriff oder der [&hellip;]","og_url":"https:\/\/rogerbasler.ch\/impressum\/","og_site_name":"RBR - Digital Business Architekt","article_publisher":"https:\/\/www.facebook.com\/rogerbaslerderoca","article_modified_time":"2023-01-18T16:13:37+00:00","twitter_card":"summary_large_image","twitter_site":"@Rogerbasler","twitter_misc":{"Est. reading time":"1 minute"},"schema":{"@context":"https:\/\/schema.org","@graph":[{"@type":"WebPage","@id":"https:\/\/rogerbasler.ch\/impressum\/","url":"https:\/\/rogerbasler.ch\/impressum\/","name":"Imprint - RBR - Digital Business Architekt","isPartOf":{"@id":"https:\/\/rogerbasler.ch\/#website"},"datePublished":"2021-11-08T09:45:23+00:00","dateModified":"2023-01-18T16:13:37+00:00","breadcrumb":{"@id":"https:\/\/rogerbasler.ch\/impressum\/#breadcrumb"},"inLanguage":"en-US","potentialAction":[{"@type":"ReadAction","target":["https:\/\/rogerbasler.ch\/impressum\/"]}]},{"@type":"BreadcrumbList","@id":"https:\/\/rogerbasler.ch\/impressum\/#breadcrumb","itemListElement":[{"@type":"ListItem","position":1,"name":"Home","item":"https:\/\/rogerbasler.ch\/"},{"@type":"ListItem","position":2,"name":"Imprint"}]},{"@type":"WebSite","@id":"https:\/\/rogerbasler.ch\/#website","url":"https:\/\/rogerbasler.ch\/","name":"RBR - Digital Business Architekt","description":"RBR","publisher":{"@id":"https:\/\/rogerbasler.ch\/#organization"},"potentialAction":[{"@type":"SearchAction","target":{"@type":"EntryPoint","urlTemplate":"https:\/\/rogerbasler.ch\/?s={search_term_string}"},"query-input":{"@type":"PropertyValueSpecification","valueRequired":true,"valueName":"search_term_string"}}],"inLanguage":"en-US"},{"@type":"Organization","@id":"https:\/\/rogerbasler.ch\/#organization","name":"Roger Basler de Roca | Digital business models | Mr LinkedIn","url":"https:\/\/rogerbasler.ch\/","logo":{"@type":"ImageObject","inLanguage":"en-US","@id":"https:\/\/rogerbasler.ch\/#\/schema\/logo\/image\/","url":"https:\/\/rogerbasler.ch\/wp-content\/uploads\/2022\/06\/rbr7.png","contentUrl":"https:\/\/rogerbasler.ch\/wp-content\/uploads\/2022\/06\/rbr7.png","width":800,"height":600,"caption":"Roger Basler de Roca | Digital business models | Mr LinkedIn"},"image":{"@id":"https:\/\/rogerbasler.ch\/#\/schema\/logo\/image\/"},"sameAs":["https:\/\/www.facebook.com\/rogerbaslerderoca","https:\/\/x.com\/Rogerbasler","https:\/\/www.linkedin.com\/in\/rogerbasler?original_referer=httpsrogerbasler.ch","https:\/\/instagram.com\/rogerlroca","https:\/\/tiktok.com\/@mrlinkedin","https:\/\/open.spotify.com\/show\/0iBVOd5eiwiURmdKDEdLcp"]}]}},"_links":{"self":[{"href":"https:\/\/rogerbasler.ch\/en\/wp-json\/wp\/v2\/pages\/35422","targetHints":{"allow":["GET"]}}],"collection":[{"href":"https:\/\/rogerbasler.ch\/en\/wp-json\/wp\/v2\/pages"}],"about":[{"href":"https:\/\/rogerbasler.ch\/en\/wp-json\/wp\/v2\/types\/page"}],"author":[{"embeddable":true,"href":"https:\/\/rogerbasler.ch\/en\/wp-json\/wp\/v2\/users\/1"}],"replies":[{"embeddable":true,"href":"https:\/\/rogerbasler.ch\/en\/wp-json\/wp\/v2\/comments?post=35422"}],"version-history":[{"count":1,"href":"https:\/\/rogerbasler.ch\/en\/wp-json\/wp\/v2\/pages\/35422\/revisions"}],"predecessor-version":[{"id":35423,"href":"https:\/\/rogerbasler.ch\/en\/wp-json\/wp\/v2\/pages\/35422\/revisions\/35423"}],"wp:attachment":[{"href":"https:\/\/rogerbasler.ch\/en\/wp-json\/wp\/v2\/media?parent=35422"}],"curies":[{"name":"wp","href":"https:\/\/api.w.org\/{rel}","templated":true}]}}